{"id":6467,"date":"2025-05-15T12:36:29","date_gmt":"2025-05-15T11:36:29","guid":{"rendered":"https:\/\/haus-schulenburg-gera.de\/guide-du-musee\/meubles-en-osier-haus-schulenburg\/"},"modified":"2025-05-19T14:25:29","modified_gmt":"2025-05-19T13:25:29","slug":"meubles-en-osier-haus-schulenburg","status":"publish","type":"page","link":"https:\/\/haus-schulenburg-gera.de\/fr\/guide-du-musee\/meubles-en-osier-haus-schulenburg\/","title":{"rendered":"Meubles en osier Haus Schulenburg"},"content":{"rendered":"<p>[et_pb_section fb_built=\u00a0\u00bb1&Prime; custom_padding_last_edited=\u00a0\u00bbon|phone\u00a0\u00bb _builder_version=\u00a0\u00bb4.24.0&Prime; _module_preset=\u00a0\u00bbdefault\u00a0\u00bb custom_padding_tablet=\u00a0\u00bb\u00a0\u00bb custom_padding_phone=\u00a0\u00bb0px||||false|false\u00a0\u00bb global_colors_info=\u00a0\u00bb{}\u00a0\u00bb][et_pb_row _builder_version=\u00a0\u00bb4.24.0&Prime; _module_preset=\u00a0\u00bbdefault\u00a0\u00bb max_width=\u00a0\u00bb650px\u00a0\u00bb custom_padding=\u00a0\u00bb||||false|false\u00a0\u00bb global_colors_info=\u00a0\u00bb{}\u00a0\u00bb][et_pb_column type=\u00a0\u00bb4_4&Prime; _builder_version=\u00a0\u00bb4.24.0&Prime; _module_preset=\u00a0\u00bbdefault\u00a0\u00bb global_colors_info=\u00a0\u00bb{}\u00a0\u00bb][et_pb_heading title=\u00a0\u00bbMeubles en osier Haus Schulenburg\u00a0\u00bb _builder_version=\u00a0\u00bb4.27.4&Prime; _module_preset=\u00a0\u00bbdefault\u00a0\u00bb global_colors_info=\u00a0\u00bb{}\u00a0\u00bb][\/et_pb_heading][et_pb_code _builder_version=\u00a0\u00bb4.24.0&Prime; _module_preset=\u00a0\u00bbdefault\u00a0\u00bb global_colors_info=\u00a0\u00bb{}\u00a0\u00bb][gspeech type=\u00a0\u00bbbutton\u00a0\u00bb][\/et_pb_code][et_pb_image src=\u00a0\u00bbhttps:\/\/haus-schulenburg-gera.de\/wp-content\/uploads\/2024\/10\/Sprachhinweis3.png\u00a0\u00bb title_text=\u00a0\u00bbRemarque sur le commutateur de langue\u00a0\u00bb _builder_version=\u00a0\u00bb4.24.0&Prime; _module_preset=\u00a0\u00bbdefault\u00a0\u00bb global_colors_info=\u00a0\u00bb{}\u00a0\u00bb][\/et_pb_image][et_pb_text _builder_version=\u00a0\u00bb4.27.4&Prime; _module_preset=\u00a0\u00bbdefault\u00a0\u00bb header_font_size=\u00a0\u00bb26px\u00a0\u00bb global_colors_info=\u00a0\u00bb{}\u00a0\u00bb]<\/p>\n<p>Projet: Henry van de Velde 1906?<\/p>\n<p>R\u00e9alisation : vannerie Ernst Schmiedeknecht, Tannroda\/Thuringe<\/p>\n<p>Mat\u00e9riaux : rotin, cadre en bois de conif\u00e8re, plateau de table et int\u00e9rieur des portes d&rsquo;armoire en acajou <\/p>\n<p>Cette chambre \u00e9tait \u00e9quip\u00e9e de meubles en osier vert clair (dont un bureau et une biblioth\u00e8que) (Erika Schulenburg).<\/p>\n<p>Apr\u00e8s 1945, les deux meubles \u00e9taient la propri\u00e9t\u00e9 de Lothar Spitz, propri\u00e9taire d&rsquo;une imprimerie couleur \u00e0 Gera et ami d&rsquo;\u00e9cole de Wolfgang Schulenburg, le fils a\u00een\u00e9 de Paul Schulenburg.<\/p>\n<p>&nbsp;<\/p>\n<p>&nbsp;<\/p>\n<p>[\/et_pb_text][et_pb_button button_url=\u00a0\u00bb#\u00a0\u00bb button_text=\u00a0\u00bbLire plus\u00a0\u00bb module_class=\u00a0\u00bbreadMoreButton\u00a0\u00bb _builder_version=\u00a0\u00bb4.24.0&Prime; _module_preset=\u00a0\u00bbdefault\u00a0\u00bb global_colors_info=\u00a0\u00bb{}\u00a0\u00bb][\/et_pb_button][et_pb_text module_class=\u00a0\u00bbreadMoreContent\u00a0\u00bb _builder_version=\u00a0\u00bb4.27.4&Prime; _module_preset=\u00a0\u00bbdefault\u00a0\u00bb global_colors_info=\u00a0\u00bb{}\u00a0\u00bb]<\/p>\n<p>En 2011, le professeur Peter Spitz, radiologue \u00e0 Cologne et fils de Lothar Spitz, a rendu l&rsquo;armoire \u00e0 panier \u00e0 la maison Schulenburg. L&rsquo;armoire avait \u00e9t\u00e9 peinte avec une peinture au latex brun fonc\u00e9. En 2012, les deux parties lat\u00e9rales du bureau qui ont \u00e9t\u00e9 conserv\u00e9es ont suivi.  <\/p>\n<p>La reconstruction des meubles a \u00e9t\u00e9 r\u00e9alis\u00e9e dans l&rsquo;atelier de restauration de Henry Flach, Auma\/Thuringe, et dans la vannerie Tietze \u00e0 Birkhausen.In der Restaurationswerkstatt von Henry Flach, Auma\/Th\u00fcringen und der Korbflechterei Tietze in Birkhausen erfolgte die Rekonstruktion der M\u00f6bel.<\/p>\n<p> Les meubles en osier restaur\u00e9s expos\u00e9s dans la maison Schulenburg ont incit\u00e9 en 2013 Monsieur Dankmar Bosse (petit-fils de Hugo Bosse, propri\u00e9taire de la maison d&rsquo;ameublement August Bosse \u00e0 Weimar de 1904 \u00e0 1929) \u00e0 nous fournir un catalogue de production de meubles en osier datant de 1905.<\/p>\n<p>La maison d&rsquo;ameublement August Bosse a fait produire ces meubles par l&rsquo;entreprise Ernst Schmiedeknecht \u00e0 Tannroda. Le catalogue contient une centaine de cr\u00e9ations d&rsquo;Henry van de Velde. Van de Velde participait \u00e0 hauteur de 10% au chiffre d&rsquo;affaires. La vente de ces articles en osier a connu un grand succ\u00e8s, notamment dans le c\u00e9l\u00e8bre grand magasin Wertheim \u00e0 Berlin. D\u00e8s 1906, l&rsquo;entreprise August Bosse exposait des meubles en osier \u00e0 la 3e Exposition internationale des arts d\u00e9coratifs de Dresde. Lors de cette exposition, Paul Schulenburg a probablement achet\u00e9, outre la salle \u00e0 manger, les meubles en osier pour sa fille Gunhilde et pour la chambre des fleurs.     <\/p>\n<p>[\/et_pb_text][et_pb_button button_url=\u00a0\u00bb#\u00a0\u00bb button_text=\u00a0\u00bbLire moins\u00a0\u00bb module_class=\u00a0\u00bbreadLessButton\u00a0\u00bb _builder_version=\u00a0\u00bb4.24.0&Prime; _module_preset=\u00a0\u00bbdefault\u00a0\u00bb global_colors_info=\u00a0\u00bb{}\u00a0\u00bb][\/et_pb_button][\/et_pb_column][\/et_pb_row][et_pb_row custom_padding_last_edited=\u00a0\u00bbon|desktop\u00a0\u00bb _builder_version=\u00a0\u00bb4.24.0&Prime; _module_preset=\u00a0\u00bbdefault\u00a0\u00bb width_tablet=\u00a0\u00bb\u00a0\u00bb width_phone=\u00a0\u00bb90%\u00a0\u00bb width_last_edited=\u00a0\u00bbon|phone\u00a0\u00bb custom_padding=\u00a0\u00bb0px||0px||false|false\u00a0\u00bb custom_padding_tablet=\u00a0\u00bb0px||0px||false|false\u00a0\u00bb custom_padding_phone=\u00a0\u00bb0px||0px||false|false\u00a0\u00bb locked=\u00a0\u00bboff\u00a0\u00bb global_colors_info=\u00a0\u00bb{}\u00a0\u00bb][et_pb_column type=\u00a0\u00bb4_4&Prime; _builder_version=\u00a0\u00bb4.24.0&Prime; _module_preset=\u00a0\u00bbdefault\u00a0\u00bb global_colors_info=\u00a0\u00bb{}\u00a0\u00bb][\/et_pb_column][\/et_pb_row][\/et_pb_section]<\/p>\n<div class=\"gsp_post_data\" \r\n\t            data-post_type=\"page\" \r\n\t            data-cat=\"\" \r\n\t            data-modified=\"120\"\r\n\t            data-created=\"1747312589\"\r\n\t            data-title=\"Meubles en osier Haus Schulenburg\" \r\n\t            data-home=\"https:\/\/haus-schulenburg-gera.de\/fr\/\"><\/div>","protected":false},"excerpt":{"rendered":"<p>[gspeech type=\u00a0\u00bbbutton\u00a0\u00bb]Projet: Henry van de Velde 1906? R\u00e9alisation : vannerie Ernst Schmiedeknecht, Tannroda\/Thuringe Mat\u00e9riaux : rotin, cadre en bois de conif\u00e8re, plateau de table et int\u00e9rieur des portes d&rsquo;armoire en acajou Cette chambre \u00e9tait \u00e9quip\u00e9e de meubles en osier vert clair (dont un bureau et une biblioth\u00e8que) (Erika Schulenburg). Apr\u00e8s 1945, les deux meubles \u00e9taient [&hellip;]<\/p>\n","protected":false},"author":1,"featured_media":0,"parent":3590,"menu_order":0,"comment_status":"closed","ping_status":"closed","template":"","meta":{"_et_pb_use_builder":"on","_et_pb_old_content":"","_et_gb_content_width":"","footnotes":""},"class_list":["post-6467","page","type-page","status-publish","hentry"],"_links":{"self":[{"href":"https:\/\/haus-schulenburg-gera.de\/fr\/wp-json\/wp\/v2\/pages\/6467","targetHints":{"allow":["GET"]}}],"collection":[{"href":"https:\/\/haus-schulenburg-gera.de\/fr\/wp-json\/wp\/v2\/pages"}],"about":[{"href":"https:\/\/haus-schulenburg-gera.de\/fr\/wp-json\/wp\/v2\/types\/page"}],"author":[{"embeddable":true,"href":"https:\/\/haus-schulenburg-gera.de\/fr\/wp-json\/wp\/v2\/users\/1"}],"replies":[{"embeddable":true,"href":"https:\/\/haus-schulenburg-gera.de\/fr\/wp-json\/wp\/v2\/comments?post=6467"}],"version-history":[{"count":2,"href":"https:\/\/haus-schulenburg-gera.de\/fr\/wp-json\/wp\/v2\/pages\/6467\/revisions"}],"predecessor-version":[{"id":6469,"href":"https:\/\/haus-schulenburg-gera.de\/fr\/wp-json\/wp\/v2\/pages\/6467\/revisions\/6469"}],"up":[{"embeddable":true,"href":"https:\/\/haus-schulenburg-gera.de\/fr\/wp-json\/wp\/v2\/pages\/3590"}],"wp:attachment":[{"href":"https:\/\/haus-schulenburg-gera.de\/fr\/wp-json\/wp\/v2\/media?parent=6467"}],"curies":[{"name":"wp","href":"https:\/\/api.w.org\/{rel}","templated":true}]}}