{"id":5311,"date":"2024-10-30T14:29:27","date_gmt":"2024-10-30T13:29:27","guid":{"rendered":"https:\/\/haus-schulenburg-gera.de\/guide-du-musee\/paul-friedrich-schulenburg\/"},"modified":"2024-12-03T08:48:57","modified_gmt":"2024-12-03T07:48:57","slug":"paul-friedrich-schulenburg","status":"publish","type":"page","link":"https:\/\/haus-schulenburg-gera.de\/fr\/guide-du-musee\/paul-friedrich-schulenburg\/","title":{"rendered":"Paul Friedrich Schulenburg"},"content":{"rendered":"<p>[et_pb_section fb_built=\u00a0\u00bb1&Prime; custom_padding_last_edited=\u00a0\u00bbon|phone\u00a0\u00bb _builder_version=\u00a0\u00bb4.24.0&Prime; _module_preset=\u00a0\u00bbdefault\u00a0\u00bb custom_padding_tablet=\u00a0\u00bb\u00a0\u00bb custom_padding_phone=\u00a0\u00bb0px||||false|false\u00a0\u00bb global_colors_info=\u00a0\u00bb{}\u00a0\u00bb][et_pb_row _builder_version=\u00a0\u00bb4.24.0&Prime; _module_preset=\u00a0\u00bbdefault\u00a0\u00bb max_width=\u00a0\u00bb650px\u00a0\u00bb custom_padding=\u00a0\u00bb||||false|false\u00a0\u00bb global_colors_info=\u00a0\u00bb{}\u00a0\u00bb][et_pb_column type=\u00a0\u00bb4_4&Prime; _builder_version=\u00a0\u00bb4.24.0&Prime; _module_preset=\u00a0\u00bbdefault\u00a0\u00bb global_colors_info=\u00a0\u00bb{}\u00a0\u00bb][et_pb_heading title=\u00a0\u00bbPaul Friedrich Schulenburg\u00a0\u00bb _builder_version=\u00a0\u00bb4.24.0&Prime; _module_preset=\u00a0\u00bbdefault\u00a0\u00bb global_colors_info=\u00a0\u00bb{}\u00a0\u00bb][\/et_pb_heading][et_pb_code _builder_version=\u00a0\u00bb4.24.0&Prime; _module_preset=\u00a0\u00bbdefault\u00a0\u00bb global_colors_info=\u00a0\u00bb{}\u00a0\u00bb][gspeech type=\u00a0\u00bbbutton\u00a0\u00bb][\/et_pb_code][et_pb_image src=\u00a0\u00bbhttps:\/\/haus-schulenburg-gera.de\/wp-content\/uploads\/2024\/10\/Sprachhinweis3.png\u00a0\u00bb title_text=\u00a0\u00bbRemarque sur le commutateur de langue\u00a0\u00bb _builder_version=\u00a0\u00bb4.24.0&Prime; _module_preset=\u00a0\u00bbdefault\u00a0\u00bb global_colors_info=\u00a0\u00bb{}\u00a0\u00bb][\/et_pb_image][et_pb_text _builder_version=\u00a0\u00bb4.27.3&Prime; _module_preset=\u00a0\u00bbdefault\u00a0\u00bb header_font_size=\u00a0\u00bb26px\u00a0\u00bb global_colors_info=\u00a0\u00bb{}\u00a0\u00bb]<\/p>\n<p>Fabricant de textiles, collectionneur d&rsquo;art et cultivateur d&rsquo;orchid\u00e9es<\/p>\n<p>Paul Schulenburg est n\u00e9 le 1er novembre 1871 \u00e0 Saint Louis\/USA. En 1879, il s&rsquo;installe en Allemagne avec ses parents, devient fond\u00e9 de pouvoir dans l&rsquo;industrie textile de Thuringe orientale en 1895 et fonde en 1897, avec Alexander Bessler, une entreprise de tissage de laine et de soie \u00e0 Gera.<\/p>\n<p>[\/et_pb_text][et_pb_button button_url=\u00a0\u00bb#\u00a0\u00bb button_text=\u00a0\u00bbLire plus\u00a0\u00bb module_class=\u00a0\u00bbreadMoreButton\u00a0\u00bb _builder_version=\u00a0\u00bb4.24.0&Prime; _module_preset=\u00a0\u00bbdefault\u00a0\u00bb global_colors_info=\u00a0\u00bb{}\u00a0\u00bb][\/et_pb_button][et_pb_text module_class=\u00a0\u00bbreadMoreContent\u00a0\u00bb _builder_version=\u00a0\u00bb4.27.3&Prime; _module_preset=\u00a0\u00bbdefault\u00a0\u00bb hover_enabled=\u00a0\u00bb0&Prime; global_colors_info=\u00a0\u00bb{}\u00a0\u00bb sticky_enabled=\u00a0\u00bb0&Prime;]<\/p>\n<p>En 1906, Paul Schulenburg a achet\u00e9 une salle \u00e0 manger van de Velde lors de la 3e exposition d&rsquo;art d\u00e9coratif de Dresde et a fait construire la maison Schulenburg de 1913 \u00e0 14 d&rsquo;apr\u00e8s les plans de Henry van de Velde.<\/p>\n<p>Au milieu des ann\u00e9es 1930, Paul Schulenburg a c\u00e9d\u00e9 le terrain de la maison Schulenburg ainsi que son entreprise \u00e0 ses deux fils a\u00een\u00e9s, Wolfgang et Richard.<\/p>\n<p>Paul Schulenburg est d\u00e9c\u00e9d\u00e9 le 6 juin 1937 \u00e0 Gera. A l&rsquo;occasion de son enterrement, le dernier cort\u00e8ge fun\u00e8bre public a eu lieu \u00e0 Gera.<\/p>\n<p>Sur la photo en noir et blanc, on peut voir la famille Schulenburg vers 1922. La m\u00e8re Elisabeth Schulenburg, le p\u00e8re Paul Schulenburg, les enfants de gauche \u00e0 droite : Gunhilde, Richard, Adelheid et Joachim, entre eux encore une infirmi\u00e8re pour enfants. Le fils a\u00een\u00e9 Wolfgang manque sur la photo.  <\/p>\n<p>[\/et_pb_text][et_pb_button button_url=\u00a0\u00bb#\u00a0\u00bb button_text=\u00a0\u00bbLire moins\u00a0\u00bb module_class=\u00a0\u00bbreadLessButton\u00a0\u00bb _builder_version=\u00a0\u00bb4.24.0&Prime; _module_preset=\u00a0\u00bbdefault\u00a0\u00bb global_colors_info=\u00a0\u00bb{}\u00a0\u00bb][\/et_pb_button][\/et_pb_column][\/et_pb_row][et_pb_row custom_padding_last_edited=\u00a0\u00bbon|desktop\u00a0\u00bb _builder_version=\u00a0\u00bb4.24.0&Prime; _module_preset=\u00a0\u00bbdefault\u00a0\u00bb width_tablet=\u00a0\u00bb\u00a0\u00bb width_phone=\u00a0\u00bb90%\u00a0\u00bb width_last_edited=\u00a0\u00bbon|phone\u00a0\u00bb custom_padding=\u00a0\u00bb0px||0px||false|false\u00a0\u00bb custom_padding_tablet=\u00a0\u00bb0px||0px||false|false\u00a0\u00bb custom_padding_phone=\u00a0\u00bb0px||0px||false|false\u00a0\u00bb locked=\u00a0\u00bboff\u00a0\u00bb global_colors_info=\u00a0\u00bb{}\u00a0\u00bb][et_pb_column type=\u00a0\u00bb4_4&Prime; _builder_version=\u00a0\u00bb4.24.0&Prime; _module_preset=\u00a0\u00bbdefault\u00a0\u00bb global_colors_info=\u00a0\u00bb{}\u00a0\u00bb][et_pb_code admin_label=\u00a0\u00bbCode\u00a0\u00bb _builder_version=\u00a0\u00bb4.24.0&Prime; _module_preset=\u00a0\u00bbdefault\u00a0\u00bb global_colors_info=\u00a0\u00bb{}\u00a0\u00bb] <!-- [et_pb_line_break_holder] -->[\/et_pb_code][\/et_pb_column][\/et_pb_row][\/et_pb_section]<\/p>\n<div class=\"gsp_post_data\" \r\n\t            data-post_type=\"page\" \r\n\t            data-cat=\"\" \r\n\t            data-modified=\"120\"\r\n\t            data-created=\"1730298567\"\r\n\t            data-title=\"Paul Friedrich Schulenburg\" \r\n\t            data-home=\"https:\/\/haus-schulenburg-gera.de\/fr\/\"><\/div>","protected":false},"excerpt":{"rendered":"<p>[gspeech type=\u00a0\u00bbbutton\u00a0\u00bb]Fabricant de textiles, collectionneur d&rsquo;art et cultivateur d&rsquo;orchid\u00e9es Paul Schulenburg est n\u00e9 le 1er novembre 1871 \u00e0 Saint Louis\/USA. En 1879, il s&rsquo;installe en Allemagne avec ses parents, devient fond\u00e9 de pouvoir dans l&rsquo;industrie textile de Thuringe orientale en 1895 et fonde en 1897, avec Alexander Bessler, une entreprise de tissage de laine et [&hellip;]<\/p>\n","protected":false},"author":1,"featured_media":0,"parent":3590,"menu_order":0,"comment_status":"closed","ping_status":"closed","template":"","meta":{"_et_pb_use_builder":"on","_et_pb_old_content":"","_et_gb_content_width":"","footnotes":""},"class_list":["post-5311","page","type-page","status-publish","hentry"],"_links":{"self":[{"href":"https:\/\/haus-schulenburg-gera.de\/fr\/wp-json\/wp\/v2\/pages\/5311","targetHints":{"allow":["GET"]}}],"collection":[{"href":"https:\/\/haus-schulenburg-gera.de\/fr\/wp-json\/wp\/v2\/pages"}],"about":[{"href":"https:\/\/haus-schulenburg-gera.de\/fr\/wp-json\/wp\/v2\/types\/page"}],"author":[{"embeddable":true,"href":"https:\/\/haus-schulenburg-gera.de\/fr\/wp-json\/wp\/v2\/users\/1"}],"replies":[{"embeddable":true,"href":"https:\/\/haus-schulenburg-gera.de\/fr\/wp-json\/wp\/v2\/comments?post=5311"}],"version-history":[{"count":4,"href":"https:\/\/haus-schulenburg-gera.de\/fr\/wp-json\/wp\/v2\/pages\/5311\/revisions"}],"predecessor-version":[{"id":5570,"href":"https:\/\/haus-schulenburg-gera.de\/fr\/wp-json\/wp\/v2\/pages\/5311\/revisions\/5570"}],"up":[{"embeddable":true,"href":"https:\/\/haus-schulenburg-gera.de\/fr\/wp-json\/wp\/v2\/pages\/3590"}],"wp:attachment":[{"href":"https:\/\/haus-schulenburg-gera.de\/fr\/wp-json\/wp\/v2\/media?parent=5311"}],"curies":[{"name":"wp","href":"https:\/\/api.w.org\/{rel}","templated":true}]}}